{"id":1431,"date":"2024-07-04T14:30:41","date_gmt":"2024-07-04T12:30:41","guid":{"rendered":"https:\/\/aubistore.com\/bf\/?post_type=product&#038;p=1431"},"modified":"2024-07-04T14:30:42","modified_gmt":"2024-07-04T12:30:42","slug":"sac-en-trapeze","status":"publish","type":"product","link":"https:\/\/aubistore.com\/bf\/produit\/sac-en-trapeze\/","title":{"rendered":"Sac en trap\u00e8ze"},"content":{"rendered":"<p><strong>\u00c0 propos de cet article<\/strong><\/p>\n<p>Ce sac \u00e0 bandouli\u00e8re est fabriqu\u00e9 en cuir et paille et d\u2019un design exquis de cauris et \u00a0d&rsquo;\u00e9l\u00e9ments tress\u00e9s a la main, l\u00e9ger et tendance \u00e0 transporter.<\/p>\n<p>Convient pour de nombreuses occasions, telles que les f\u00eates, les rendez-vous, le shopping et les voyages, convient \u00e9galement pour un usage quotidien.<\/p>\n<p>&nbsp;<\/p>\n<p>Couleurs : blanc sale, rouge, noir, \u00e0 la fois couleur fra\u00eeche et forme trap\u00e8ze classique, style d\u00e9contract\u00e9 parfait pour toutes les saisons.<\/p>\n<p>Contenu du paquet : 1 sac \u00e0 main.<\/p>\n<p>Remarque : Veuillez pr\u00e9voir une l\u00e9g\u00e8re diff\u00e9rence de couleur en raison des diff\u00e9rents appareils photo ou de l&rsquo;environnement lumineux. Il peut y avoir une l\u00e9g\u00e8re erreur de dimension en raison de la mesure manuelle.<\/p>\n<p>&nbsp;<\/p>\n","protected":false},"excerpt":{"rendered":"<p>Mati\u00e8re\u00a0: cuire et paille<\/p>\n<p>Couleur\u00a0:\u00a0\u00a0\u00a0\u00a0\u00a0\u00a0\u00a0\u00a0\u00a0 blanc sale , rouge et noir<\/p>\n<p>Style\u00a0:\u00a0 semi cuir et semi paille<\/p>\n<p>Dimensions du produit \u200f \u00a0L\u00a0: 36 \/l\u00a0: 25<\/p>\n<p>Caract\u00e9ristique\u00a0: avec une touche de cauris<\/p>\n<p>Forme\u00a0: trap\u00e8ze<\/p>\n<p>Usage recommand\u00e9\u00a0: pour les sorties<\/p>\n<p>&nbsp;<\/p>\n<p><strong>Description du produit<\/strong><\/p>\n<p>Magnifique sac en paille et cuir tress\u00e9es \u00e0 la main.<\/p>\n<p>Enti\u00e8rement confectionn\u00e9 \u00e0 la main par nos artisans burkinab\u00e9.<\/p>\n<p>Bras long \u00a0toute en cuir noir,blanc pour porter a l\u2019\u00e9paule.<\/p>\n<p>Dimensions 25 de largeur et 36 de longueur environs. (Dimensions pouvant l\u00e9g\u00e8rement diff\u00e9r\u00e9es d&rsquo;un produit \u00e0 l&rsquo;autre du fait de sa fabrication artisanale).<\/p>\n","protected":false},"featured_media":1432,"comment_status":"open","ping_status":"closed","template":"","meta":[],"product_brand":[],"product_cat":[25,29],"product_tag":[121,41,120,37,119,118,122,93],"class_list":{"0":"post-1431","1":"product","2":"type-product","3":"status-publish","4":"has-post-thumbnail","6":"product_cat-artisanat","7":"product_cat-cuir","8":"product_tag-accesoire-femme","9":"product_tag-aubistore-burkina","10":"product_tag-cauris","11":"product_tag-cuir","12":"product_tag-paille","13":"product_tag-sac-en-trapeze","14":"product_tag-soiree","15":"product_tag-sortie","17":"first","18":"instock","19":"shipping-taxable","20":"purchasable","21":"product-type-simple"},"jetpack_sharing_enabled":true,"_links":{"self":[{"href":"https:\/\/aubistore.com\/bf\/wp-json\/wp\/v2\/product\/1431","targetHints":{"allow":["GET"]}}],"collection":[{"href":"https:\/\/aubistore.com\/bf\/wp-json\/wp\/v2\/product"}],"about":[{"href":"https:\/\/aubistore.com\/bf\/wp-json\/wp\/v2\/types\/product"}],"replies":[{"embeddable":true,"href":"https:\/\/aubistore.com\/bf\/wp-json\/wp\/v2\/comments?post=1431"}],"wp:featuredmedia":[{"embeddable":true,"href":"https:\/\/aubistore.com\/bf\/wp-json\/wp\/v2\/media\/1432"}],"wp:attachment":[{"href":"https:\/\/aubistore.com\/bf\/wp-json\/wp\/v2\/media?parent=1431"}],"wp:term":[{"taxonomy":"product_brand","embeddable":true,"href":"https:\/\/aubistore.com\/bf\/wp-json\/wp\/v2\/product_brand?post=1431"},{"taxonomy":"product_cat","embeddable":true,"href":"https:\/\/aubistore.com\/bf\/wp-json\/wp\/v2\/product_cat?post=1431"},{"taxonomy":"product_tag","embeddable":true,"href":"https:\/\/aubistore.com\/bf\/wp-json\/wp\/v2\/product_tag?post=1431"}],"curies":[{"name":"wp","href":"https:\/\/api.w.org\/{rel}","templated":true}]}}