{"id":1416,"date":"2024-07-04T11:35:58","date_gmt":"2024-07-04T09:35:58","guid":{"rendered":"https:\/\/aubistore.com\/bf\/?post_type=product&#038;p=1416"},"modified":"2024-07-04T11:35:59","modified_gmt":"2024-07-04T09:35:59","slug":"masque-artisanal-soleil","status":"publish","type":"product","link":"https:\/\/aubistore.com\/bf\/produit\/masque-artisanal-soleil\/","title":{"rendered":"Masque artisanal soleil"},"content":{"rendered":"<p><strong>A propos de cet article<\/strong><\/p>\n<p>Hormis l\u2019aspect d\u00e9coratif, ce masque solaire dans l\u2019histoire du Burkina Faso est port\u00e9 devant le visage, tenu par une grande corde que le danseur tient entre les dents pour c\u00e9l\u00e9brer les r\u00e9coltes et ou honorer des personnalit\u00e9s connues lors de leurs fun\u00e9railles. Typique de l&rsquo;art africain, il repr\u00e9sente le soleil. Il est orn\u00e9 de gravures de motifs g\u00e9om\u00e9triques triangulaires bicolores.<\/p>\n<p>Il prot\u00e8ge le village des mauvais esprits, favorise le mariage des jeunes et apporte la sant\u00e9 aux nouveau-n\u00e9s. Sa fonction principale est d&rsquo;an\u00e9antir le mal et de r\u00e9tablir l&rsquo;\u00e9quilibre donn\u00e9 par Dieu entre le soleil, la terre et la pluie.<\/p>\n<p><strong>\u00a0<\/strong><\/p>\n","protected":false},"excerpt":{"rendered":"<p>Mati\u00e8re\u00a0: bois<\/p>\n<p>Couleur\u00a0: multicolore<\/p>\n<p>Style\u00a0:\u00a0 soleil<\/p>\n<p>Dimensions du produit\u00a0: gros =50cm<\/p>\n<p>Moyen=40cm<\/p>\n<p>Petit 16,5cm<\/p>\n<p>Caract\u00e9ristique\u00a0: bois<\/p>\n<p>Forme\u00a0: circulaire<\/p>\n<p>Usage recommand\u00e9\u00a0: pour d\u00e9coration<\/p>\n<p>&nbsp;<\/p>\n<p><strong>Description du produit<\/strong><\/p>\n<p>Ce masque repr\u00e9sente en r\u00e9alit\u00e9 un animal nocturne, un hibou ou une chouette. Ceci expliquerait les yeux exorbit\u00e9s et le \u201cnez\u201d en forme de bec.<\/p>\n","protected":false},"featured_media":1424,"comment_status":"open","ping_status":"closed","template":"","meta":[],"product_brand":[],"product_cat":[25,31,32],"product_tag":[51,41,89,112,113],"class_list":{"0":"post-1416","1":"product","2":"type-product","3":"status-publish","4":"has-post-thumbnail","6":"product_cat-artisanat","7":"product_cat-decoration","8":"product_cat-sculture","9":"product_tag-artisanat","10":"product_tag-aubistore-burkina","11":"product_tag-decoration","12":"product_tag-masque-artisanal-soleil","13":"product_tag-sculpture","15":"first","16":"instock","17":"shipping-taxable","18":"purchasable","19":"product-type-variable"},"jetpack_sharing_enabled":true,"_links":{"self":[{"href":"https:\/\/aubistore.com\/bf\/wp-json\/wp\/v2\/product\/1416","targetHints":{"allow":["GET"]}}],"collection":[{"href":"https:\/\/aubistore.com\/bf\/wp-json\/wp\/v2\/product"}],"about":[{"href":"https:\/\/aubistore.com\/bf\/wp-json\/wp\/v2\/types\/product"}],"replies":[{"embeddable":true,"href":"https:\/\/aubistore.com\/bf\/wp-json\/wp\/v2\/comments?post=1416"}],"wp:featuredmedia":[{"embeddable":true,"href":"https:\/\/aubistore.com\/bf\/wp-json\/wp\/v2\/media\/1424"}],"wp:attachment":[{"href":"https:\/\/aubistore.com\/bf\/wp-json\/wp\/v2\/media?parent=1416"}],"wp:term":[{"taxonomy":"product_brand","embeddable":true,"href":"https:\/\/aubistore.com\/bf\/wp-json\/wp\/v2\/product_brand?post=1416"},{"taxonomy":"product_cat","embeddable":true,"href":"https:\/\/aubistore.com\/bf\/wp-json\/wp\/v2\/product_cat?post=1416"},{"taxonomy":"product_tag","embeddable":true,"href":"https:\/\/aubistore.com\/bf\/wp-json\/wp\/v2\/product_tag?post=1416"}],"curies":[{"name":"wp","href":"https:\/\/api.w.org\/{rel}","templated":true}]}}