{"id":1391,"date":"2024-07-01T18:03:50","date_gmt":"2024-07-01T16:03:50","guid":{"rendered":"https:\/\/aubistore.com\/bf\/?post_type=product&#038;p=1391"},"modified":"2024-07-01T18:03:51","modified_gmt":"2024-07-01T16:03:51","slug":"balafon","status":"publish","type":"product","link":"https:\/\/aubistore.com\/bf\/produit\/balafon\/","title":{"rendered":"BALAFON"},"content":{"rendered":"<p><strong>A propos de cet article<\/strong><\/p>\n<p>Le balafon, \u00e9galement appel\u00e9 bala ou balani, est un instrument de percussion idiophone m\u00e9lodique \u00a0et plus pr\u00e9cis\u00e9ment un xylophone \u00e0 r\u00e9sonateurs, utilis\u00e9 en Afrique occidentale. Il peut \u00eatre pentatonique, heptatonique ou chromatique, et comporte g\u00e9n\u00e9ralement entre 11 et 27 notes produites par des lames de bois que l&rsquo;on percute avec des baguettes, et dont le son est amplifi\u00e9 par des calebasses dispos\u00e9es en dessous.<\/p>\n","protected":false},"excerpt":{"rendered":"<p>Mati\u00e8re\u00a0: bois<\/p>\n<p>Couleur\u00a0: bois<\/p>\n<p>Style\u00a0:\u00a0 musical<\/p>\n<p>Dimensions du produit\u00a0: gros = L\u00a0: 49\u00a0,5 cm\u00a0 \/ l : 17,10 cm<\/p>\n<p>Petit = L\u00a0: 30 cm\u00a0 \/ l : 20\u00a0.5cm<\/p>\n<p>Caract\u00e9ristique\u00a0: bois, calebasse et fil de crin<\/p>\n<p>Usage recommand\u00e9\u00a0: pour la musique<\/p>\n<p>&nbsp;<\/p>\n<p><strong>Description du produit<\/strong><\/p>\n<p>Ce balafon \u00a0magnifiquement sculpt\u00e9 \u00e0 la main avec 11 touches est fabriqu\u00e9 \u00e0 partir de bois africain, de calebasse et deux b\u00e2tons de jeu de la plus haute qualit\u00e9. Il a \u00e9t\u00e9 fabriqu\u00e9 par un artisan. Ce balafon bien sculpt\u00e9 convient aux occasions et produit un son authentique lorsqu&rsquo;il est jou\u00e9.<\/p>\n","protected":false},"featured_media":1393,"comment_status":"open","ping_status":"closed","template":"","meta":[],"product_brand":[],"product_cat":[25],"product_tag":[100,97,98,99],"class_list":{"0":"post-1391","1":"product","2":"type-product","3":"status-publish","4":"has-post-thumbnail","6":"product_cat-artisanat","7":"product_tag-aubiistore-burkina","8":"product_tag-balafon","9":"product_tag-instrument-de-musique","10":"product_tag-tradition","12":"first","13":"instock","14":"shipping-taxable","15":"purchasable","16":"product-type-variable"},"jetpack_sharing_enabled":true,"_links":{"self":[{"href":"https:\/\/aubistore.com\/bf\/wp-json\/wp\/v2\/product\/1391","targetHints":{"allow":["GET"]}}],"collection":[{"href":"https:\/\/aubistore.com\/bf\/wp-json\/wp\/v2\/product"}],"about":[{"href":"https:\/\/aubistore.com\/bf\/wp-json\/wp\/v2\/types\/product"}],"replies":[{"embeddable":true,"href":"https:\/\/aubistore.com\/bf\/wp-json\/wp\/v2\/comments?post=1391"}],"wp:featuredmedia":[{"embeddable":true,"href":"https:\/\/aubistore.com\/bf\/wp-json\/wp\/v2\/media\/1393"}],"wp:attachment":[{"href":"https:\/\/aubistore.com\/bf\/wp-json\/wp\/v2\/media?parent=1391"}],"wp:term":[{"taxonomy":"product_brand","embeddable":true,"href":"https:\/\/aubistore.com\/bf\/wp-json\/wp\/v2\/product_brand?post=1391"},{"taxonomy":"product_cat","embeddable":true,"href":"https:\/\/aubistore.com\/bf\/wp-json\/wp\/v2\/product_cat?post=1391"},{"taxonomy":"product_tag","embeddable":true,"href":"https:\/\/aubistore.com\/bf\/wp-json\/wp\/v2\/product_tag?post=1391"}],"curies":[{"name":"wp","href":"https:\/\/api.w.org\/{rel}","templated":true}]}}