{"id":1384,"date":"2024-06-13T14:37:53","date_gmt":"2024-06-13T12:37:53","guid":{"rendered":"https:\/\/aubistore.com\/bf\/?post_type=product&#038;p=1384"},"modified":"2024-06-13T14:37:53","modified_gmt":"2024-06-13T12:37:53","slug":"pot-de-fleur-en-argile","status":"publish","type":"product","link":"https:\/\/aubistore.com\/bf\/produit\/pot-de-fleur-en-argile\/","title":{"rendered":"Pot de fleur en argile"},"content":{"rendered":"<p><strong>\u00c0 propos de cet article<\/strong><\/p>\n<p>Vase en terre cuite pour ext\u00e9rieur \u2013 Classique, robuste et artisanal, ce sont les principales caract\u00e9ristiques de nos grands pots d&rsquo;ext\u00e9rieur en terre cuite, articles de qualit\u00e9 pour parcs et jardins.<\/p>\n<p>ARTISANALIT\u00c9 &#8211; Chaque grand pot en terre cuite est travaill\u00e9 \u00e0 la main par des artisans exp\u00e9riment\u00e9s dans le traitement des argiles. L&rsquo;artisanat fait de chaque vase grand et petit une pi\u00e8ce unique.<\/p>\n<p>Mat\u00e9riaux de qualit\u00e9 : la terre cuite \u00a0utilis\u00e9e pour la r\u00e9alisation de chaque grand vase d&rsquo;ext\u00e9rieur est d&rsquo;excellente qualit\u00e9 et r\u00e9sistante \u00e0 tout type de climat.<\/p>\n<p>Parcs et jardins priv\u00e9s : les grandes dimensions des pots en terre cuite pour l&rsquo;ext\u00e9rieur, les rendent adapt\u00e9s, non seulement aux jardins priv\u00e9s, mais aussi dans les parcs et jardins publics.<\/p>\n<p>Robuste et r\u00e9sistant : tous nos grands pots d&rsquo;ext\u00e9rieur sont extr\u00eamement robustes, r\u00e9sistants et durables dans le temps sans perdre leur charme naturel.<\/p>\n","protected":false},"excerpt":{"rendered":"<table>\n<tbody>\n<tr>\n<td>Couleur\u00a0:<\/td>\n<td>Antique<\/td>\n<\/tr>\n<tr>\n<td>Style\u00a0:<\/td>\n<td>Antique<\/td>\n<\/tr>\n<tr>\n<td>Poids\u00a0:<\/td>\n<td>10Kg<\/td>\n<\/tr>\n<tr>\n<td>Forme\u00a0:<\/td>\n<td>Oblongue<\/td>\n<\/tr>\n<tr>\n<td>Caract\u00e9ristique\u00a0:<\/td>\n<td>Terre cuite<\/td>\n<\/tr>\n<tr>\n<td>Usage recommand\u00e9\u00a0:<\/td>\n<td>D\u00e9coration<\/td>\n<\/tr>\n<\/tbody>\n<\/table>\n<p>&nbsp;<\/p>\n<p><strong>Description du produit<\/strong><\/p>\n<p>Pot de fleur en terre cuite faite \u00e0 la main et cuite au bois comme dans l&rsquo;antiquit\u00e9. Peut \u00e9galement \u00eatre utilis\u00e9 comme orge d&rsquo;ext\u00e9rieur pour plantes et fleurs ou comme d\u00e9corative d&rsquo;int\u00e9rieur. Parmi les traditions artisanales du Burkina, une place \u00e0 ce sujet est occup\u00e9e par la production de pots en terre cuite. Les m\u00e9thodes de fabrication sont transmises de g\u00e9n\u00e9ration en g\u00e9n\u00e9ration et se sont conserv\u00e9es au cours des si\u00e8cles. Il s&rsquo;agit d&rsquo;articles faits \u00e0 la main et d\u00e9cor\u00e9s \u00e0 la main, en diff\u00e9rentes tailles et nuances de couleur, chaque article est unique.<\/p>\n","protected":false},"featured_media":1385,"comment_status":"open","ping_status":"closed","template":"","meta":[],"product_brand":[],"product_cat":[25,31],"product_tag":[41,89,96,94,95],"class_list":{"0":"post-1384","1":"product","2":"type-product","3":"status-publish","4":"has-post-thumbnail","6":"product_cat-artisanat","7":"product_cat-decoration","8":"product_tag-aubistore-burkina","9":"product_tag-decoration","10":"product_tag-interieur","11":"product_tag-pot-de-fleur","12":"product_tag-terre-cuite","14":"first","15":"instock","16":"shipping-taxable","17":"purchasable","18":"product-type-simple"},"jetpack_sharing_enabled":true,"_links":{"self":[{"href":"https:\/\/aubistore.com\/bf\/wp-json\/wp\/v2\/product\/1384","targetHints":{"allow":["GET"]}}],"collection":[{"href":"https:\/\/aubistore.com\/bf\/wp-json\/wp\/v2\/product"}],"about":[{"href":"https:\/\/aubistore.com\/bf\/wp-json\/wp\/v2\/types\/product"}],"replies":[{"embeddable":true,"href":"https:\/\/aubistore.com\/bf\/wp-json\/wp\/v2\/comments?post=1384"}],"wp:featuredmedia":[{"embeddable":true,"href":"https:\/\/aubistore.com\/bf\/wp-json\/wp\/v2\/media\/1385"}],"wp:attachment":[{"href":"https:\/\/aubistore.com\/bf\/wp-json\/wp\/v2\/media?parent=1384"}],"wp:term":[{"taxonomy":"product_brand","embeddable":true,"href":"https:\/\/aubistore.com\/bf\/wp-json\/wp\/v2\/product_brand?post=1384"},{"taxonomy":"product_cat","embeddable":true,"href":"https:\/\/aubistore.com\/bf\/wp-json\/wp\/v2\/product_cat?post=1384"},{"taxonomy":"product_tag","embeddable":true,"href":"https:\/\/aubistore.com\/bf\/wp-json\/wp\/v2\/product_tag?post=1384"}],"curies":[{"name":"wp","href":"https:\/\/api.w.org\/{rel}","templated":true}]}}