{"id":1378,"date":"2024-06-13T14:09:51","date_gmt":"2024-06-13T12:09:51","guid":{"rendered":"https:\/\/aubistore.com\/bf\/?post_type=product&#038;p=1378"},"modified":"2024-06-13T14:09:52","modified_gmt":"2024-06-13T12:09:52","slug":"mini-sac-en-cuire-avec-bandouliere","status":"publish","type":"product","link":"https:\/\/aubistore.com\/bf\/produit\/mini-sac-en-cuire-avec-bandouliere\/","title":{"rendered":"Mini Sac en cuire avec bandouli\u00e8re"},"content":{"rendered":"<p><strong>\u00c0 propos de cet article\u00a0:<\/strong><\/p>\n<ul>\n<li>Ce Sac en cuire avec bandouli\u00e8re est un sac \u00e0 main parfait pour un usage quotidien. Ce sac \u00e0 bandouli\u00e8re a \u00e9t\u00e9 con\u00e7u pour toutes les femmes, et son look\u00a0 \u00e9l\u00e9gant s&rsquo;adapte \u00e0 toutes les tenues et occasions.<\/li>\n<li>Cuir tann\u00e9 v\u00e9g\u00e9tal. Ce sac est fabriqu\u00e9 \u00e0 la main en cuir pleine fleur tann\u00e9 v\u00e9g\u00e9tal, sans produits chimiques nocifs, ce qui donne \u00e0 chaque sac une couleur unique.<\/li>\n<li>Avec le temps, notre cuir naturel devient plus doux et d\u00e9veloppe une belle patine.<\/li>\n<\/ul>\n<p>CADEAU PENS\u00c9 : Un cadeau parfait pour votre femme, s\u0153ur, m\u00e8re ou amie. Ce sac \u00e0 bandouli\u00e8re serait une excellente id\u00e9e de cadeau pour No\u00ebl, la Saint-Valentin, un anniversaire, la f\u00eate des m\u00e8res ou toute autre f\u00eate.<\/p>\n","protected":false},"excerpt":{"rendered":"<p>Mat\u00e9riel\u00a0\u00a0\u00a0\u00a0\u00a0\u00a0\u00a0\u00a0\u00a0\u00a0 CUIR<\/p>\n<p>Couleur\u00a0\u00a0\u00a0\u00a0\u00a0\u00a0\u00a0\u00a0\u00a0\u00a0\u00a0 blanc<\/p>\n<p>Style\u00a0:\u00a0 100% Cuir<\/p>\n<p>Dimensions du produit \u200f : \u200eL\u00a0:18cm\/ l\u00a0: 12,5cm<\/p>\n<p>Caract\u00e9ristique\u00a0: cuir<\/p>\n<p>Forme\u00a0: Rectangle arrondie vers le bas.<\/p>\n<p>Usage recommand\u00e9\u00a0: Accessoire femme<\/p>\n<p><strong>Description du produit <\/strong><\/p>\n<p>CONCEPTION L\u00c9G\u00c8RE\u00a0: Ce mini sac \u00e0 bandouli\u00e8re fonctionne avec vous d\u2019unecommodit\u00e9 d&rsquo;acc\u00e8s rapide .Il poss\u00e8de des design de style Africain et\u00a0 recommander pour vos petites sorties.<\/p>\n<p>Style polyvalent : portez-le \u00e0 votre fa\u00e7on avec une bandouli\u00e8re confortable.<\/p>\n","protected":false},"featured_media":1379,"comment_status":"open","ping_status":"closed","template":"","meta":[],"product_brand":[],"product_cat":[25,29],"product_tag":[51,41,37,92,93],"class_list":{"0":"post-1378","1":"product","2":"type-product","3":"status-publish","4":"has-post-thumbnail","6":"product_cat-artisanat","7":"product_cat-cuir","8":"product_tag-artisanat","9":"product_tag-aubistore-burkina","10":"product_tag-cuir","11":"product_tag-sac-a-bandouliere","12":"product_tag-sortie","14":"first","15":"instock","16":"shipping-taxable","17":"purchasable","18":"product-type-simple"},"jetpack_sharing_enabled":true,"_links":{"self":[{"href":"https:\/\/aubistore.com\/bf\/wp-json\/wp\/v2\/product\/1378","targetHints":{"allow":["GET"]}}],"collection":[{"href":"https:\/\/aubistore.com\/bf\/wp-json\/wp\/v2\/product"}],"about":[{"href":"https:\/\/aubistore.com\/bf\/wp-json\/wp\/v2\/types\/product"}],"replies":[{"embeddable":true,"href":"https:\/\/aubistore.com\/bf\/wp-json\/wp\/v2\/comments?post=1378"}],"wp:featuredmedia":[{"embeddable":true,"href":"https:\/\/aubistore.com\/bf\/wp-json\/wp\/v2\/media\/1379"}],"wp:attachment":[{"href":"https:\/\/aubistore.com\/bf\/wp-json\/wp\/v2\/media?parent=1378"}],"wp:term":[{"taxonomy":"product_brand","embeddable":true,"href":"https:\/\/aubistore.com\/bf\/wp-json\/wp\/v2\/product_brand?post=1378"},{"taxonomy":"product_cat","embeddable":true,"href":"https:\/\/aubistore.com\/bf\/wp-json\/wp\/v2\/product_cat?post=1378"},{"taxonomy":"product_tag","embeddable":true,"href":"https:\/\/aubistore.com\/bf\/wp-json\/wp\/v2\/product_tag?post=1378"}],"curies":[{"name":"wp","href":"https:\/\/api.w.org\/{rel}","templated":true}]}}