{"id":1365,"date":"2024-06-11T11:58:24","date_gmt":"2024-06-11T09:58:24","guid":{"rendered":"https:\/\/aubistore.com\/bf\/?post_type=product&#038;p=1365"},"modified":"2024-06-11T11:58:24","modified_gmt":"2024-06-11T09:58:24","slug":"tableaux-decoratifs-en-cuir","status":"publish","type":"product","link":"https:\/\/aubistore.com\/bf\/produit\/tableaux-decoratifs-en-cuir\/","title":{"rendered":"Tableaux d\u00e9coratifs en cuir"},"content":{"rendered":"<p><strong>\u00c0 propos de cet article<\/strong><\/p>\n<p>Tableau fait \u00e0 la main : tous nos tableaux sont r\u00e9alis\u00e9s \u00e0 la main par nos artisans dans nos ateliers rendant chaque pi\u00e8ce unique et inimitable<\/p>\n<p>D\u00e9coration : d\u00e9coration parfaite de d\u00e9coration moderne ; d\u00e9coration parfaite pour toute pi\u00e8ce de votre maison ; superbe cadre pour salon, chambre \u00e0 coucher, chambre d&rsquo;enfant, cuisine, bureau, boutique, h\u00f4tel, salle \u00e0 manger, salle de bain, bar, etc.<\/p>\n","protected":false},"excerpt":{"rendered":"<p><strong>Description du produit<\/strong><\/p>\n<p>Mati\u00e8re\u00a0: cuire<\/p>\n<p>Couleur :\u00a0 blanc<\/p>\n<p>Style\u00a0:\u00a0 100%cuir<\/p>\n<p>Dimensions du produit \u200f \u00a0L\u00a0: 40 \/l\u00a0: 30<\/p>\n<p>L : 45 \/l : 35<\/p>\n<p>L : 30 \/l : 20<\/p>\n<p>Caract\u00e9ristique\u00a0: pyrogravure vitr\u00e9 et non vitr\u00e9<\/p>\n<p>Forme\u00a0: rectangle<\/p>\n<p>Usage recommand\u00e9\u00a0: pour d\u00e9coration<\/p>\n<p><strong>Description du produit<\/strong><\/p>\n<p>Tous nos tableaux sont fabriqu\u00e9s artisanalement dans nos ateliers de production avec des mat\u00e9riaux fabriqu\u00e9s au Burkina. Les tableaux poss\u00e8dent\u00a0 des \u00a0crochets \u00e0 l&rsquo;arri\u00e8re, pour les accrocher, il suffit d&rsquo;appliquer des clous sur le mur et de poser le tableau par le cadre arri\u00e8re.<\/p>\n","protected":false},"featured_media":1376,"comment_status":"open","ping_status":"closed","template":"","meta":[],"product_brand":[],"product_cat":[25,29],"product_tag":[90,89,91],"class_list":{"0":"post-1365","1":"product","2":"type-product","3":"status-publish","4":"has-post-thumbnail","6":"product_cat-artisanat","7":"product_cat-cuir","8":"product_tag-cadeau","9":"product_tag-decoration","10":"product_tag-design","12":"first","13":"instock","14":"shipping-taxable","15":"purchasable","16":"product-type-variable"},"jetpack_sharing_enabled":true,"_links":{"self":[{"href":"https:\/\/aubistore.com\/bf\/wp-json\/wp\/v2\/product\/1365","targetHints":{"allow":["GET"]}}],"collection":[{"href":"https:\/\/aubistore.com\/bf\/wp-json\/wp\/v2\/product"}],"about":[{"href":"https:\/\/aubistore.com\/bf\/wp-json\/wp\/v2\/types\/product"}],"replies":[{"embeddable":true,"href":"https:\/\/aubistore.com\/bf\/wp-json\/wp\/v2\/comments?post=1365"}],"wp:featuredmedia":[{"embeddable":true,"href":"https:\/\/aubistore.com\/bf\/wp-json\/wp\/v2\/media\/1376"}],"wp:attachment":[{"href":"https:\/\/aubistore.com\/bf\/wp-json\/wp\/v2\/media?parent=1365"}],"wp:term":[{"taxonomy":"product_brand","embeddable":true,"href":"https:\/\/aubistore.com\/bf\/wp-json\/wp\/v2\/product_brand?post=1365"},{"taxonomy":"product_cat","embeddable":true,"href":"https:\/\/aubistore.com\/bf\/wp-json\/wp\/v2\/product_cat?post=1365"},{"taxonomy":"product_tag","embeddable":true,"href":"https:\/\/aubistore.com\/bf\/wp-json\/wp\/v2\/product_tag?post=1365"}],"curies":[{"name":"wp","href":"https:\/\/api.w.org\/{rel}","templated":true}]}}