{"id":1357,"date":"2024-06-11T11:32:25","date_gmt":"2024-06-11T09:32:25","guid":{"rendered":"https:\/\/aubistore.com\/bf\/?post_type=product&#038;p=1357"},"modified":"2024-06-11T11:32:26","modified_gmt":"2024-06-11T09:32:26","slug":"panier-en-paille-de-mil","status":"publish","type":"product","link":"https:\/\/aubistore.com\/bf\/produit\/panier-en-paille-de-mil\/","title":{"rendered":"Panier en paille de mil"},"content":{"rendered":"<p><strong>\u00c0 propos de cet article<\/strong><\/p>\n<p>Ces paniers sont r\u00e9alis\u00e9s \u00e0 la main par des artisanes du Burkina.<\/p>\n<p>La paille de mil qui est r\u00e9cup\u00e9r\u00e9 apr\u00e8s les r\u00e9coltes , puis nettoy\u00e9e\u00a0 dont les fibres sont ensuite s\u00e9ch\u00e9es et certaines sont plong\u00e9es dans des teintures v\u00e9g\u00e9tales. Elles sont ensuite tress\u00e9es \u00e0 la main selon des techniques de vannerie traditionnelle pour en faire divers objets comme des paniers, des corbeilles ou des sets de table.<\/p>\n<p>Chaque produit est donc unique, impr\u00e9gn\u00e9 d\u2019une culture et d\u2019un savoir-faire ancestral.<\/p>\n<p>Chaque panier \u00e9tant fait \u00e0 la main, il peut appara\u00eetre de tr\u00e8s l\u00e9g\u00e8res irr\u00e9gularit\u00e9s, \u00e0 consid\u00e9rer comme des marques de son authenticit\u00e9.<\/p>\n","protected":false},"excerpt":{"rendered":"<p>Description courte<\/p>\n<p>Mat\u00e9riel\u00a0: paille de mil<\/p>\n<p>Couleur\u00a0: multicolore<\/p>\n<p>Style\u00a0: 100% paille<\/p>\n<p>Dimensions du produit \u200f \u00a0L\u00a0: 13\u00a0,5 cm\u00a0\/ H\u00a0: 9\u00a0,5cm<\/p>\n<p>Caract\u00e9ristique\u00a0: paille de mil<\/p>\n<p>Forme\u00a0: cube<\/p>\n<p>Usage recommand\u00e9 : pour bijoux<\/p>\n<p><strong>Description du produit <\/strong><\/p>\n<p>Ce panier \u00a0en fibres naturelles de paille est tress\u00e9 \u00e0 la main par des artisans du Burkina Faso.<\/p>\n<p>En simple d\u00e9coration ou en boite de rangement pour les petits objets du quotidien, il ajoutera une touche naturelle \u00e0 n\u2019importe quelle pi\u00e8ce.<\/p>\n","protected":false},"featured_media":1361,"comment_status":"open","ping_status":"closed","template":"","meta":[],"product_brand":[],"product_cat":[25,31,27],"product_tag":[41,86,83,85,87,88],"class_list":{"0":"post-1357","1":"product","2":"type-product","3":"status-publish","4":"has-post-thumbnail","6":"product_cat-artisanat","7":"product_cat-decoration","8":"product_cat-divers","9":"product_tag-aubistore-burkina","10":"product_tag-cube","11":"product_tag-decoratif","12":"product_tag-panier-en-paille","13":"product_tag-pour-bijoux","14":"product_tag-pratique","16":"first","17":"instock","18":"shipping-taxable","19":"purchasable","20":"product-type-simple"},"jetpack_sharing_enabled":true,"_links":{"self":[{"href":"https:\/\/aubistore.com\/bf\/wp-json\/wp\/v2\/product\/1357","targetHints":{"allow":["GET"]}}],"collection":[{"href":"https:\/\/aubistore.com\/bf\/wp-json\/wp\/v2\/product"}],"about":[{"href":"https:\/\/aubistore.com\/bf\/wp-json\/wp\/v2\/types\/product"}],"replies":[{"embeddable":true,"href":"https:\/\/aubistore.com\/bf\/wp-json\/wp\/v2\/comments?post=1357"}],"wp:featuredmedia":[{"embeddable":true,"href":"https:\/\/aubistore.com\/bf\/wp-json\/wp\/v2\/media\/1361"}],"wp:attachment":[{"href":"https:\/\/aubistore.com\/bf\/wp-json\/wp\/v2\/media?parent=1357"}],"wp:term":[{"taxonomy":"product_brand","embeddable":true,"href":"https:\/\/aubistore.com\/bf\/wp-json\/wp\/v2\/product_brand?post=1357"},{"taxonomy":"product_cat","embeddable":true,"href":"https:\/\/aubistore.com\/bf\/wp-json\/wp\/v2\/product_cat?post=1357"},{"taxonomy":"product_tag","embeddable":true,"href":"https:\/\/aubistore.com\/bf\/wp-json\/wp\/v2\/product_tag?post=1357"}],"curies":[{"name":"wp","href":"https:\/\/api.w.org\/{rel}","templated":true}]}}