{"id":1346,"date":"2024-06-10T14:31:30","date_gmt":"2024-06-10T12:31:30","guid":{"rendered":"https:\/\/aubistore.com\/bf\/?post_type=product&#038;p=1346"},"modified":"2024-06-10T14:31:31","modified_gmt":"2024-06-10T12:31:31","slug":"ascensoir-traditionnel","status":"publish","type":"product","link":"https:\/\/aubistore.com\/bf\/produit\/ascensoir-traditionnel\/","title":{"rendered":"Ascensoir traditionnel"},"content":{"rendered":"<p><strong>\u00c0 propos de cet article<\/strong><\/p>\n<p>Br\u00fble encens en terre cuite fait \u00e0 la main: id\u00e9al pour br\u00fbler les r\u00e9sines et les grains avec un charbon. Gr\u00e2ce aux trous \u00e0 la base et sur le couvercle, la fumigation est \u00e9quilibr\u00e9e et durable.<\/p>\n<p>Con\u00e7u pour des fumigations intenses, des c\u00e9r\u00e9monies et des purifications profondes, ce br\u00fbleur d\u2019encens est id\u00e9al pour les moments o\u00f9 il faut r\u00e9tablir l\u2019\u00e9quilibre et l\u2019harmonie dans les environnements domestiques et autres.<\/p>\n<p>Pour une utilisation optimale, il suffit d\u2019allumer un charbon, le d\u00e9poser \u00e0 l\u2019int\u00e9rieur de l\u2019encensoir et ensuite placer une petite quantit\u00e9 de r\u00e9sine ou de grains sur la gaufrette br\u00fblant. Le couvercle permet de r\u00e9gler \u00e0 volont\u00e9 l\u2019intensit\u00e9 de la fumigation.<\/p>\n<p>R\u00e9alis\u00e9 \u00e0 la main par des artisans des m\u00eames zones de collecte, selon des techniques anciennes transmises depuis des g\u00e9n\u00e9rations. Chaque br\u00fble encens est une pi\u00e8ce unique qui incarne la technique et la passion des cultures s\u00e9culaires.<\/p>\n<p>Notre br\u00fble encens est un objet fait \u00e0 la main et \u00e9quitable : nous travaillons depuis toujours avec les artisans locaux, en leur garantissant des conditions de travail \u00e9thiques et \u00e9quitables.<\/p>\n","protected":false},"excerpt":{"rendered":"<p><strong>\u00a0 Description du produit<\/strong><\/p>\n<p>Nombre de pi\u00e8ces \u00a0\u00a0\u00a0\u00a0\u00a0\u00a0\u00a0 1<\/p>\n<p>Marque<\/p>\n<p>Couleur \u00a0\u00a0\u00a0\u00a0\u00a0\u00a0\u00a0\u00a0\u00a0\u00a0 \u00a0\u00a0\u00a0\u00a0\u00a0\u00a0\u00a0\u00a0\u00a0\u00a0\u00a0Terre, noir<\/p>\n<p>Style \u00a0\u00a0 Antique<\/p>\n<p>Poids\u00a0\u00a0\u00a0 \u00a0\u00a0\u00a0\u00a0\u00a0\u00a0\u00a0\u00a0\u00a0\u00a0\u00a0\u00a0\u00a0\u00a0\u00a0\u00a0\u00a0\u00a0\u00a0\u00a0\u00a0\u00a0\u00a0\u00a0 3kg<\/p>\n<p>Forme\u00a0\u00a0\u00a0\u00a0\u00a0\u00a0\u00a0\u00a0\u00a0\u00a0\u00a0\u00a0\u00a0\u00a0\u00a0\u00a0\u00a0\u00a0\u00a0\u00a0\u00a0\u00a0\u00a0\u00a0\u00a0\u00a0\u00a0\u00a0 Ronde<\/p>\n<p>Caract\u00e9ristique Terre cuite<\/p>\n<p>Usage recommand\u00e9\u00a0\u00a0\u00a0\u00a0\u00a0 D\u00e9odorisant<\/p>\n<p>Br\u00fble encens fait \u00e0 la main en terre cuite<\/p>\n<p>La beaut\u00e9 d\u2019un fragment d\u2019art pur, aux vibrations tr\u00e8s anciennes.<\/p>\n<p>Le confort d\u2019un encensoir en terre cuite avec des trous d\u2019a\u00e9ration plac\u00e9s \u00e0 la base. La s\u00e9curit\u00e9 de ne pas vous br\u00fbler et la robustesse d\u2019un produit artisanal.<\/p>\n<p>Beaut\u00e9, magie et fonctionnalit\u00e9 : votre rituel quotidien de purification est maintenant vraiment complet.<\/p>\n","protected":false},"featured_media":1347,"comment_status":"open","ping_status":"closed","template":"","meta":[],"product_brand":[],"product_cat":[25],"product_tag":[80,81,76,79,77,78],"class_list":{"0":"post-1346","1":"product","2":"type-product","3":"status-publish","4":"has-post-thumbnail","6":"product_cat-artisanat","7":"product_tag-charbon","8":"product_tag-desodorisant","9":"product_tag-encens","10":"product_tag-odeur","11":"product_tag-parfum","12":"product_tag-senteur","14":"first","15":"instock","16":"shipping-taxable","17":"purchasable","18":"product-type-variable"},"jetpack_sharing_enabled":true,"_links":{"self":[{"href":"https:\/\/aubistore.com\/bf\/wp-json\/wp\/v2\/product\/1346","targetHints":{"allow":["GET"]}}],"collection":[{"href":"https:\/\/aubistore.com\/bf\/wp-json\/wp\/v2\/product"}],"about":[{"href":"https:\/\/aubistore.com\/bf\/wp-json\/wp\/v2\/types\/product"}],"replies":[{"embeddable":true,"href":"https:\/\/aubistore.com\/bf\/wp-json\/wp\/v2\/comments?post=1346"}],"wp:featuredmedia":[{"embeddable":true,"href":"https:\/\/aubistore.com\/bf\/wp-json\/wp\/v2\/media\/1347"}],"wp:attachment":[{"href":"https:\/\/aubistore.com\/bf\/wp-json\/wp\/v2\/media?parent=1346"}],"wp:term":[{"taxonomy":"product_brand","embeddable":true,"href":"https:\/\/aubistore.com\/bf\/wp-json\/wp\/v2\/product_brand?post=1346"},{"taxonomy":"product_cat","embeddable":true,"href":"https:\/\/aubistore.com\/bf\/wp-json\/wp\/v2\/product_cat?post=1346"},{"taxonomy":"product_tag","embeddable":true,"href":"https:\/\/aubistore.com\/bf\/wp-json\/wp\/v2\/product_tag?post=1346"}],"curies":[{"name":"wp","href":"https:\/\/api.w.org\/{rel}","templated":true}]}}