{"id":1332,"date":"2024-06-07T14:30:37","date_gmt":"2024-06-07T12:30:37","guid":{"rendered":"https:\/\/aubistore.com\/bf\/?post_type=product&#038;p=1332"},"modified":"2024-06-07T14:30:37","modified_gmt":"2024-06-07T12:30:37","slug":"bogolan","status":"publish","type":"product","link":"https:\/\/aubistore.com\/bf\/produit\/bogolan\/","title":{"rendered":"Bogolan"},"content":{"rendered":"<p><strong>\u00c0 propos de cet article<\/strong><\/p>\n<p>Le coton blanc, de culture locale, est fil\u00e9 par les femmes au fuseau, dans les villages, puis tiss\u00e9 par les hommes sur des m\u00e9tiers rudimentaires permettant d&rsquo;obtenir des bandes de 10-15cm. 7 \u00e0 10 bandes doivent \u00eatre cousues ensemble \u2013 toujours \u00e0 la main \u2013 pour confectionner un pagne en bogolan.<\/p>\n<p>Nos pagnes bogolans peuvent \u00eatre utilis\u00e9s en couvre-lits, en jet\u00e9 de canap\u00e9, en teinture d\u00e9corative murale et travaill\u00e9 en couture pour les stylises en herbe!<\/p>\n","protected":false},"excerpt":{"rendered":"<p>Mat\u00e9riel\u00a0:\u00a0\u00a0\u00a0\u00a0\u00a0\u00a0\u00a0\u00a0 Coton<\/p>\n<p>Couleur\u00a0:\u00a0\u00a0\u00a0\u00a0\u00a0\u00a0\u00a0\u00a0 Multicolore<\/p>\n<p>Type de tissu\u00a0\u00a0 :100% Coton<\/p>\n<p>Dimensions du produit \u200f : \u200e 2pagnes<\/p>\n<p>Usage recommand\u00e9\u00a0: Pour habillement<\/p>\n<p><strong>Description du produit <\/strong><\/p>\n<p>Le BOGOLAN est un pagne en coton tiss\u00e9 \u00e0 la main provenant du Mali.<\/p>\n<p>Il est teint traditionnellement avec de la boue ferment\u00e9 ou de la teinture v\u00e9g\u00e9tal.<\/p>\n<p>Les dessins du Bogolan sont produits soit \u00e0 main lev\u00e9e soit au travers de pochoirs.<\/p>\n<p>&nbsp;<\/p>\n","protected":false},"featured_media":1334,"comment_status":"open","ping_status":"closed","template":"","meta":[],"product_brand":[],"product_cat":[25,26],"product_tag":[41,69,64,68],"class_list":{"0":"post-1332","1":"product","2":"type-product","3":"status-publish","4":"has-post-thumbnail","6":"product_cat-artisanat","7":"product_cat-vetement","8":"product_tag-aubistore-burkina","9":"product_tag-culture-africaine","10":"product_tag-teinture","11":"product_tag-tissu-coton","13":"first","14":"instock","15":"shipping-taxable","16":"purchasable","17":"product-type-simple"},"jetpack_sharing_enabled":true,"_links":{"self":[{"href":"https:\/\/aubistore.com\/bf\/wp-json\/wp\/v2\/product\/1332","targetHints":{"allow":["GET"]}}],"collection":[{"href":"https:\/\/aubistore.com\/bf\/wp-json\/wp\/v2\/product"}],"about":[{"href":"https:\/\/aubistore.com\/bf\/wp-json\/wp\/v2\/types\/product"}],"replies":[{"embeddable":true,"href":"https:\/\/aubistore.com\/bf\/wp-json\/wp\/v2\/comments?post=1332"}],"wp:featuredmedia":[{"embeddable":true,"href":"https:\/\/aubistore.com\/bf\/wp-json\/wp\/v2\/media\/1334"}],"wp:attachment":[{"href":"https:\/\/aubistore.com\/bf\/wp-json\/wp\/v2\/media?parent=1332"}],"wp:term":[{"taxonomy":"product_brand","embeddable":true,"href":"https:\/\/aubistore.com\/bf\/wp-json\/wp\/v2\/product_brand?post=1332"},{"taxonomy":"product_cat","embeddable":true,"href":"https:\/\/aubistore.com\/bf\/wp-json\/wp\/v2\/product_cat?post=1332"},{"taxonomy":"product_tag","embeddable":true,"href":"https:\/\/aubistore.com\/bf\/wp-json\/wp\/v2\/product_tag?post=1332"}],"curies":[{"name":"wp","href":"https:\/\/api.w.org\/{rel}","templated":true}]}}