{"id":1320,"date":"2024-06-07T12:19:51","date_gmt":"2024-06-07T10:19:51","guid":{"rendered":"https:\/\/aubistore.com\/bf\/?post_type=product&#038;p=1320"},"modified":"2024-06-07T12:19:52","modified_gmt":"2024-06-07T10:19:52","slug":"sac-a-main-pour-femme","status":"publish","type":"product","link":"https:\/\/aubistore.com\/bf\/produit\/sac-a-main-pour-femme\/","title":{"rendered":"Sac \u00e0 main pour femme"},"content":{"rendered":"<p><strong>\u00c0 propos de cet article\u00a0:<\/strong><\/p>\n<p>Notre sac \u00e0 main en cuir est le compagnon id\u00e9al pour aller au travail,pour faire du shopping ,pour les f\u00eate et autres occasions.<\/p>\n<p>CUIR NATUREL&#8230; durable, unique, intemporel.<\/p>\n<p>PRATIQUE&#8230; Gr\u00e2ce \u00e0 la fermeture \u00e9clair, le produit est facilement ouvert et ferm\u00e9.<\/p>\n<p>&nbsp;<\/p>\n<p>&nbsp;<\/p>\n","protected":false},"excerpt":{"rendered":"<p>Mat\u00e9riel\u00a0: Cuir<\/p>\n<p>Couleur\u00a0: Marron<\/p>\n<p>Style\u00a0:\u00a0 100% Cuir<\/p>\n<p>Dimensions du produit \u200f : \u200eL\u00a035,5\/ l\u00a0:\u00a023,5cm\/ h\u00a0:12cm<\/p>\n<p>Caract\u00e9ristique : cuir avec motif de Faso Dan Fani<\/p>\n<p>Forme\u00a0: Rectangle<\/p>\n<p>Usage recommand\u00e9\u00a0: sac fourre tout pour femme<\/p>\n<p><strong>Description du produit <\/strong><\/p>\n<p>Sac \u00e0 main en cuir v\u00e9ritable classique et \u00e9l\u00e9gant dans un style seau.<\/p>\n<p>Un sac parfait pour tous les jours.<\/p>\n","protected":false},"featured_media":1322,"comment_status":"open","ping_status":"closed","template":"","meta":[],"product_brand":[],"product_cat":[25,29],"product_tag":[41,37,58,62,61],"class_list":{"0":"post-1320","1":"product","2":"type-product","3":"status-publish","4":"has-post-thumbnail","6":"product_cat-artisanat","7":"product_cat-cuir","8":"product_tag-aubistore-burkina","9":"product_tag-cuir","10":"product_tag-faso-dan-fani","11":"product_tag-fourre-tout","12":"product_tag-sac-a-main","14":"first","15":"instock","16":"shipping-taxable","17":"purchasable","18":"product-type-simple"},"jetpack_sharing_enabled":true,"_links":{"self":[{"href":"https:\/\/aubistore.com\/bf\/wp-json\/wp\/v2\/product\/1320","targetHints":{"allow":["GET"]}}],"collection":[{"href":"https:\/\/aubistore.com\/bf\/wp-json\/wp\/v2\/product"}],"about":[{"href":"https:\/\/aubistore.com\/bf\/wp-json\/wp\/v2\/types\/product"}],"replies":[{"embeddable":true,"href":"https:\/\/aubistore.com\/bf\/wp-json\/wp\/v2\/comments?post=1320"}],"wp:featuredmedia":[{"embeddable":true,"href":"https:\/\/aubistore.com\/bf\/wp-json\/wp\/v2\/media\/1322"}],"wp:attachment":[{"href":"https:\/\/aubistore.com\/bf\/wp-json\/wp\/v2\/media?parent=1320"}],"wp:term":[{"taxonomy":"product_brand","embeddable":true,"href":"https:\/\/aubistore.com\/bf\/wp-json\/wp\/v2\/product_brand?post=1320"},{"taxonomy":"product_cat","embeddable":true,"href":"https:\/\/aubistore.com\/bf\/wp-json\/wp\/v2\/product_cat?post=1320"},{"taxonomy":"product_tag","embeddable":true,"href":"https:\/\/aubistore.com\/bf\/wp-json\/wp\/v2\/product_tag?post=1320"}],"curies":[{"name":"wp","href":"https:\/\/api.w.org\/{rel}","templated":true}]}}