{"id":1292,"date":"2024-06-06T13:48:52","date_gmt":"2024-06-06T11:48:52","guid":{"rendered":"https:\/\/aubistore.com\/bf\/?post_type=product&#038;p=1292"},"modified":"2024-06-06T13:48:52","modified_gmt":"2024-06-06T11:48:52","slug":"pondeuse-en-terre-cuite","status":"publish","type":"product","link":"https:\/\/aubistore.com\/bf\/produit\/pondeuse-en-terre-cuite\/","title":{"rendered":"Pondeuse en terre cuite"},"content":{"rendered":"<p><strong>\u00c0 propos de cet article<\/strong><\/p>\n<p>Ces pondoirs sont g\u00e9n\u00e9ralement fabriqu\u00e9s \u00e0 partir d&rsquo;argile cuite, ce qui les rend robustes et durables. Ils peuvent \u00eatre con\u00e7us sous forme de nids individuels ou de compartiments s\u00e9par\u00e9s \u00e0 l&rsquo;int\u00e9rieur d&rsquo;un poulailler.<\/p>\n<p>Les avantages de l&rsquo;utilisation de pondoirs en terre cuite incluent une meilleure r\u00e9gulation de l&rsquo;humidit\u00e9 et de la temp\u00e9rature, ainsi qu&rsquo;une sensation plus naturelle pour les poules lorsqu&rsquo;elles pondent leurs \u0153ufs.<\/p>\n<p>De plus, la texture poreuse de la terre cuite peut aider \u00e0 pr\u00e9venir la condensation et \u00e0 maintenir un environnement plus sain pour les \u0153ufs.<\/p>\n<p>&nbsp;<\/p>\n","protected":false},"excerpt":{"rendered":"<p><strong>Description du produit <\/strong><\/p>\n<table>\n<tbody>\n<tr>\n<td>Nombre de pi\u00e8ces<\/td>\n<td>1<\/td>\n<\/tr>\n<tr>\n<td>Marque<\/td>\n<\/tr>\n<tr>\n<td>Couleur<\/td>\n<td>Antique<\/td>\n<\/tr>\n<tr>\n<td>Style<\/td>\n<td>Antique<\/td>\n<\/tr>\n<tr>\n<td>Poids<\/td>\n<td>3Kg<\/td>\n<\/tr>\n<tr>\n<td>Forme<\/td>\n<td>\u00a0Ovale<\/td>\n<\/tr>\n<tr>\n<td>Caract\u00e9ristique<\/td>\n<td>Terre cuite<\/td>\n<\/tr>\n<tr>\n<td>Usage recommand\u00e9<\/td>\n<td>Pour la ponte<\/td>\n<\/tr>\n<\/tbody>\n<\/table>\n<p>Les pondoirs pour volaille en terre cuite sont des structures sp\u00e9cialement con\u00e7ues pour que les poules puissent pondre leurs \u0153ufs dans un environnement naturel. Contrairement aux pondoirs traditionnels en bois, en plastique ou en m\u00e9tal, les pondoirs en terre cuite offrent une alternative plus naturelle et respirante.<\/p>\n","protected":false},"featured_media":1288,"comment_status":"open","ping_status":"closed","template":"","meta":[],"product_brand":[],"product_cat":[25],"product_tag":[51,38,52],"class_list":{"0":"post-1292","1":"product","2":"type-product","3":"status-publish","4":"has-post-thumbnail","6":"product_cat-artisanat","7":"product_tag-artisanat","8":"product_tag-poterie","9":"product_tag-terre","11":"first","12":"instock","13":"shipping-taxable","14":"purchasable","15":"product-type-simple"},"jetpack_sharing_enabled":true,"_links":{"self":[{"href":"https:\/\/aubistore.com\/bf\/wp-json\/wp\/v2\/product\/1292","targetHints":{"allow":["GET"]}}],"collection":[{"href":"https:\/\/aubistore.com\/bf\/wp-json\/wp\/v2\/product"}],"about":[{"href":"https:\/\/aubistore.com\/bf\/wp-json\/wp\/v2\/types\/product"}],"replies":[{"embeddable":true,"href":"https:\/\/aubistore.com\/bf\/wp-json\/wp\/v2\/comments?post=1292"}],"wp:featuredmedia":[{"embeddable":true,"href":"https:\/\/aubistore.com\/bf\/wp-json\/wp\/v2\/media\/1288"}],"wp:attachment":[{"href":"https:\/\/aubistore.com\/bf\/wp-json\/wp\/v2\/media?parent=1292"}],"wp:term":[{"taxonomy":"product_brand","embeddable":true,"href":"https:\/\/aubistore.com\/bf\/wp-json\/wp\/v2\/product_brand?post=1292"},{"taxonomy":"product_cat","embeddable":true,"href":"https:\/\/aubistore.com\/bf\/wp-json\/wp\/v2\/product_cat?post=1292"},{"taxonomy":"product_tag","embeddable":true,"href":"https:\/\/aubistore.com\/bf\/wp-json\/wp\/v2\/product_tag?post=1292"}],"curies":[{"name":"wp","href":"https:\/\/api.w.org\/{rel}","templated":true}]}}