{"id":1264,"date":"2024-05-24T11:10:35","date_gmt":"2024-05-24T09:10:35","guid":{"rendered":"https:\/\/aubistore.com\/bf\/?post_type=product&#038;p=1264"},"modified":"2024-05-24T11:10:37","modified_gmt":"2024-05-24T09:10:37","slug":"canari","status":"publish","type":"product","link":"https:\/\/aubistore.com\/bf\/produit\/canari\/","title":{"rendered":"Canari"},"content":{"rendered":"<p><strong>\u00c0 propos de cet article<\/strong><\/p>\n<p>Le canari est en terre cuite, g\u00e9n\u00e9ralement de forme plus ou moins sph\u00e9rique, avec une grande ouverture permettant d&rsquo;en puiser l&rsquo;eau facilement. Sa dimension peut varier de quelques dizaines de centim\u00e8tres\u00a0 de diam\u00e8tre.<\/p>\n<p>Il est g\u00e9n\u00e9ralement plac\u00e9 sur un support ou semi-enterr\u00e9 \u00e0 l&rsquo;int\u00e9rieur ou \u00e0 proximit\u00e9 d&rsquo;une habitation, et sert de r\u00e9serve d&rsquo;eau fra\u00eeche de boisson pour ses habitants.<\/p>\n","protected":false},"excerpt":{"rendered":"<table>\n<tbody>\n<tr>\n<td>Nombre de pi\u00e8ces<\/td>\n<td>1<\/td>\n<\/tr>\n<tr>\n<td>Couleur<\/td>\n<td>Antique<\/td>\n<\/tr>\n<tr>\n<td>Style<\/td>\n<td>Antique<\/td>\n<\/tr>\n<tr>\n<td>Poids<\/td>\n<td>5Kg<\/td>\n<\/tr>\n<tr>\n<td>Forme<\/td>\n<td>\u00a0Rond<\/td>\n<\/tr>\n<tr>\n<td>Caract\u00e9ristique<\/td>\n<td>Terre cuite<\/td>\n<\/tr>\n<tr>\n<td>Usage recommand\u00e9<\/td>\n<td>Canari frigorifique<\/td>\n<\/tr>\n<\/tbody>\n<\/table>\n<p>&nbsp;<\/p>\n<p><strong>Description du produit <\/strong><\/p>\n<p>Le canari est un grand r\u00e9cipient servant principalement \u00e0 stocker et rafra\u00eechir l&rsquo;eau de boisson.<\/p>\n<p>&nbsp;<\/p>\n","protected":false},"featured_media":1266,"comment_status":"open","ping_status":"closed","template":"","meta":[],"product_brand":[],"product_cat":[25,27],"product_tag":[41,49,38,50],"class_list":{"0":"post-1264","1":"product","2":"type-product","3":"status-publish","4":"has-post-thumbnail","6":"product_cat-artisanat","7":"product_cat-divers","8":"product_tag-aubistore-burkina","9":"product_tag-canari","10":"product_tag-poterie","11":"product_tag-rafraichissement","13":"first","14":"instock","15":"shipping-taxable","16":"purchasable","17":"product-type-simple"},"jetpack_sharing_enabled":true,"_links":{"self":[{"href":"https:\/\/aubistore.com\/bf\/wp-json\/wp\/v2\/product\/1264","targetHints":{"allow":["GET"]}}],"collection":[{"href":"https:\/\/aubistore.com\/bf\/wp-json\/wp\/v2\/product"}],"about":[{"href":"https:\/\/aubistore.com\/bf\/wp-json\/wp\/v2\/types\/product"}],"replies":[{"embeddable":true,"href":"https:\/\/aubistore.com\/bf\/wp-json\/wp\/v2\/comments?post=1264"}],"wp:featuredmedia":[{"embeddable":true,"href":"https:\/\/aubistore.com\/bf\/wp-json\/wp\/v2\/media\/1266"}],"wp:attachment":[{"href":"https:\/\/aubistore.com\/bf\/wp-json\/wp\/v2\/media?parent=1264"}],"wp:term":[{"taxonomy":"product_brand","embeddable":true,"href":"https:\/\/aubistore.com\/bf\/wp-json\/wp\/v2\/product_brand?post=1264"},{"taxonomy":"product_cat","embeddable":true,"href":"https:\/\/aubistore.com\/bf\/wp-json\/wp\/v2\/product_cat?post=1264"},{"taxonomy":"product_tag","embeddable":true,"href":"https:\/\/aubistore.com\/bf\/wp-json\/wp\/v2\/product_tag?post=1264"}],"curies":[{"name":"wp","href":"https:\/\/api.w.org\/{rel}","templated":true}]}}