{"id":1260,"date":"2024-05-23T18:16:02","date_gmt":"2024-05-23T16:16:02","guid":{"rendered":"https:\/\/aubistore.com\/bf\/?post_type=product&#038;p=1260"},"modified":"2024-05-23T18:16:03","modified_gmt":"2024-05-23T16:16:03","slug":"couscoussier-traditionnel","status":"publish","type":"product","link":"https:\/\/aubistore.com\/bf\/produit\/couscoussier-traditionnel\/","title":{"rendered":"Couscoussier traditionnel"},"content":{"rendered":"<p><strong>\u00c0 propos de cet article<\/strong><\/p>\n<p>Nos couscoussiers en terre cuite sont des ustensiles de cuisine traditionnelle utilis\u00e9e dans certaines r\u00e9gions pour cuire le couscous. Contrairement aux couscoussiers m\u00e9talliques plus courants, ceux en terre cuite offrent une m\u00e9thode de cuisson plus lente et r\u00e9guli\u00e8re, ce qui peut contribuer \u00e0 une meilleure texture et saveur du couscous.<\/p>\n<p>La terre cuite permet une r\u00e9partition uniforme de la chaleur, ce qui est essentiel pour cuire le couscous de mani\u00e8re homog\u00e8ne. De plus, la porosit\u00e9 de la terre cuite peut aider \u00e0 absorber l&rsquo;exc\u00e8s d&rsquo;humidit\u00e9 pendant la cuisson, contribuant ainsi \u00e0 obtenir un couscous bien cuit et moelleux.<\/p>\n<p>Nos couscoussiers en terre cuite sont \u00a0appr\u00e9ci\u00e9s pour leur capacit\u00e9 \u00e0 pr\u00e9server les saveurs naturelles des ingr\u00e9dients et \u00e0 donner au couscous une qualit\u00e9 authentique et traditionnelle.<\/p>\n","protected":false},"excerpt":{"rendered":"<table>\n<tbody>\n<tr>\n<td>Nombre de pi\u00e8ces<\/td>\n<td>1<\/td>\n<\/tr>\n<tr>\n<td>Couleur<\/td>\n<td>Antique<\/td>\n<\/tr>\n<tr>\n<td>Style<\/td>\n<td>Antique<\/td>\n<\/tr>\n<tr>\n<td>Poids<\/td>\n<td>3Kg<\/td>\n<\/tr>\n<tr>\n<td>Forme<\/td>\n<td>\u00a0Rond<\/td>\n<\/tr>\n<tr>\n<td>Caract\u00e9ristique<\/td>\n<td>Terre cuite<\/td>\n<\/tr>\n<tr>\n<td>Usage recommand\u00e9<\/td>\n<td>Pour les repas<\/td>\n<\/tr>\n<\/tbody>\n<\/table>\n<p><strong>Description du produit <\/strong><\/p>\n<ul>\n<li>couscoussier \u00e0 utiliser sur un feu tr\u00e8s doux (pour des saveurs encore meilleures)<\/li>\n<li>avant la 1ere utilisation, faire tremper 1h dans l&rsquo;eau puis le laisser s\u00e9cher 1 journ\u00e9e.<\/li>\n<li>Produit alimentaire garanti sans plomb<\/li>\n<\/ul>\n<p>Ce couscoussier en terre cuite, fabriqu\u00e9 \u00e0 partir d&rsquo;argile 100 %<\/p>\n<p>Pure de qualit\u00e9 sup\u00e9rieure, a \u00e9t\u00e9 con\u00e7u pour pr\u00e9parer, cuisiner et servir vos meilleures recettes de couscous.<\/p>\n","protected":false},"featured_media":1261,"comment_status":"open","ping_status":"closed","template":"","meta":[],"product_brand":[],"product_cat":[27],"product_tag":[41],"class_list":{"0":"post-1260","1":"product","2":"type-product","3":"status-publish","4":"has-post-thumbnail","6":"product_cat-divers","7":"product_tag-aubistore-burkina","9":"first","10":"instock","11":"shipping-taxable","12":"purchasable","13":"product-type-simple"},"jetpack_sharing_enabled":true,"_links":{"self":[{"href":"https:\/\/aubistore.com\/bf\/wp-json\/wp\/v2\/product\/1260","targetHints":{"allow":["GET"]}}],"collection":[{"href":"https:\/\/aubistore.com\/bf\/wp-json\/wp\/v2\/product"}],"about":[{"href":"https:\/\/aubistore.com\/bf\/wp-json\/wp\/v2\/types\/product"}],"replies":[{"embeddable":true,"href":"https:\/\/aubistore.com\/bf\/wp-json\/wp\/v2\/comments?post=1260"}],"wp:featuredmedia":[{"embeddable":true,"href":"https:\/\/aubistore.com\/bf\/wp-json\/wp\/v2\/media\/1261"}],"wp:attachment":[{"href":"https:\/\/aubistore.com\/bf\/wp-json\/wp\/v2\/media?parent=1260"}],"wp:term":[{"taxonomy":"product_brand","embeddable":true,"href":"https:\/\/aubistore.com\/bf\/wp-json\/wp\/v2\/product_brand?post=1260"},{"taxonomy":"product_cat","embeddable":true,"href":"https:\/\/aubistore.com\/bf\/wp-json\/wp\/v2\/product_cat?post=1260"},{"taxonomy":"product_tag","embeddable":true,"href":"https:\/\/aubistore.com\/bf\/wp-json\/wp\/v2\/product_tag?post=1260"}],"curies":[{"name":"wp","href":"https:\/\/api.w.org\/{rel}","templated":true}]}}