{"id":1256,"date":"2024-05-23T17:32:53","date_gmt":"2024-05-23T15:32:53","guid":{"rendered":"https:\/\/aubistore.com\/bf\/?post_type=product&#038;p=1256"},"modified":"2024-05-23T17:35:59","modified_gmt":"2024-05-23T15:35:59","slug":"galetiere","status":"publish","type":"product","link":"https:\/\/aubistore.com\/bf\/produit\/galetiere\/","title":{"rendered":"Gal\u00e9ti\u00e8re"},"content":{"rendered":"<p><strong>\u00c0 propos de cet article<\/strong><\/p>\n<p>Nos gal\u00e9ti\u00e8res sont\u00a0 fabriqu\u00e9es en aluminium pour assurer une distribution uniforme de la chaleur pendant la cuisson. Elles sont con\u00e7ues pour faciliter la pr\u00e9paration de toutes sorte de galettes comme des galettes de riz, de fonio, et surtout de petit mil, un aliment de base dans de nombreuses cultures.<\/p>\n<p>Nous avons \u00e9galement des gal\u00e9ti\u00e8res de 19 creux ,21 creux et 24 creux.<\/p>\n","protected":false},"excerpt":{"rendered":"<table>\n<tbody>\n<tr>\n<td>Nombre de pi\u00e8ces<\/td>\n<td>1<\/td>\n<\/tr>\n<tr>\n<td><\/td>\n<\/tr>\n<tr>\n<td>Couleur<\/td>\n<td>Argent\u00e9<\/td>\n<\/tr>\n<tr>\n<td>Style<\/td>\n<td>Argent\u00e9<\/td>\n<\/tr>\n<tr>\n<td>Poids<\/td>\n<td>2Kg<\/td>\n<\/tr>\n<tr>\n<td>Forme<\/td>\n<td>\u00a0Rond<\/td>\n<\/tr>\n<tr>\n<td>Caract\u00e9ristique<\/td>\n<td>Aluminium reform\u00e9 au feu<\/td>\n<\/tr>\n<tr>\n<td>Usage recommand\u00e9<\/td>\n<td>Pr\u00e9paration de galette<\/td>\n<\/tr>\n<\/tbody>\n<\/table>\n<p>&nbsp;<\/p>\n<p><strong>Description du produit <\/strong><\/p>\n<p>Une gal\u00e9ti\u00e8re pour petit mil en aluminium est un ustensile sp\u00e9cialement con\u00e7u pour cuire des galettes \u00e0 base de petit mil, \u00e9galement connu sous le nom de millet.<\/p>\n","protected":false},"featured_media":1257,"comment_status":"open","ping_status":"closed","template":"","meta":[],"product_brand":[],"product_cat":[27,36],"product_tag":[44,41,47,48],"class_list":{"0":"post-1256","1":"product","2":"type-product","3":"status-publish","4":"has-post-thumbnail","6":"product_cat-divers","7":"product_cat-non-classe","8":"product_tag-aluminium","9":"product_tag-aubistore-burkina","10":"product_tag-galetiere","11":"product_tag-preparation-de-galettes","13":"first","14":"instock","15":"shipping-taxable","16":"purchasable","17":"product-type-simple"},"jetpack_sharing_enabled":true,"_links":{"self":[{"href":"https:\/\/aubistore.com\/bf\/wp-json\/wp\/v2\/product\/1256","targetHints":{"allow":["GET"]}}],"collection":[{"href":"https:\/\/aubistore.com\/bf\/wp-json\/wp\/v2\/product"}],"about":[{"href":"https:\/\/aubistore.com\/bf\/wp-json\/wp\/v2\/types\/product"}],"replies":[{"embeddable":true,"href":"https:\/\/aubistore.com\/bf\/wp-json\/wp\/v2\/comments?post=1256"}],"wp:featuredmedia":[{"embeddable":true,"href":"https:\/\/aubistore.com\/bf\/wp-json\/wp\/v2\/media\/1257"}],"wp:attachment":[{"href":"https:\/\/aubistore.com\/bf\/wp-json\/wp\/v2\/media?parent=1256"}],"wp:term":[{"taxonomy":"product_brand","embeddable":true,"href":"https:\/\/aubistore.com\/bf\/wp-json\/wp\/v2\/product_brand?post=1256"},{"taxonomy":"product_cat","embeddable":true,"href":"https:\/\/aubistore.com\/bf\/wp-json\/wp\/v2\/product_cat?post=1256"},{"taxonomy":"product_tag","embeddable":true,"href":"https:\/\/aubistore.com\/bf\/wp-json\/wp\/v2\/product_tag?post=1256"}],"curies":[{"name":"wp","href":"https:\/\/api.w.org\/{rel}","templated":true}]}}