{"id":1248,"date":"2024-05-23T16:54:05","date_gmt":"2024-05-23T14:54:05","guid":{"rendered":"https:\/\/aubistore.com\/bf\/?post_type=product&#038;p=1248"},"modified":"2024-05-23T16:54:06","modified_gmt":"2024-05-23T14:54:06","slug":"mortier-avec-pilon","status":"publish","type":"product","link":"https:\/\/aubistore.com\/bf\/produit\/mortier-avec-pilon\/","title":{"rendered":"Mortier avec pilon"},"content":{"rendered":"<p><strong>\u00c0 propos de cet article<\/strong><\/p>\n<p>Sculpt\u00e9 \u00e0 partir d\u2019aluminium naturelle blanche durable. Facile \u00e0 entretenir\/nettoyer et n&rsquo;absorbe pas les odeurs alimentaires ou les taches. Fabriqu\u00e9 \u00e0 la main en m\u00e9tal par des artisans qualifi\u00e9s au Burkina. Design complexe et artisanat incomparable.<\/p>\n<p>En aluminium de qualit\u00e9 sup\u00e9rieure.<\/p>\n<p>Poign\u00e9e confortable: L&rsquo;int\u00e9rieur de ce pilon et mortier est profond et incurv\u00e9, et le pilon est tr\u00e8s confortable \u00e0 saisir, rectifier l&rsquo;\u00e9pice est un jeu d&rsquo;enfant, Commencez \u00e0 pimenter votre vie avec ce pilon mortier.<\/p>\n<p>Application polyvalente: Mortier pilon cuisine convient pour la poudre d&rsquo;herbes, de c\u00e9r\u00e9ales, d&rsquo;\u00e9pices, de caf\u00e9, de noix, de racines, de th\u00e9s, de pain, de craquelins, de biscuits, de poudres fines, de produits chimiques et de laboratoires, ou m\u00eame pour la destruction de m\u00e9dicaments pour animaux. \u00c9galement id\u00e9al pour d\u00e9verrouiller les huiles cach\u00e9es de votre garde-manger d&rsquo;\u00e9pices s\u00e8ches.<\/p>\n<p>&nbsp;<\/p>\n","protected":false},"excerpt":{"rendered":"<table>\n<tbody>\n<tr>\n<td>Nombre de pi\u00e8ces<\/td>\n<td>1<\/td>\n<\/tr>\n<tr>\n<td><\/td>\n<\/tr>\n<tr>\n<td>Couleur<\/td>\n<td>Argent<\/td>\n<\/tr>\n<tr>\n<td>Style<\/td>\n<td>Argent\u00e9<\/td>\n<\/tr>\n<tr>\n<td>Poids<\/td>\n<td>4Kg<\/td>\n<\/tr>\n<tr>\n<td>Forme<\/td>\n<td>\u00a0Cylindrique<\/td>\n<\/tr>\n<tr>\n<td>Caract\u00e9ristique<\/td>\n<td>Aluminium Reform\u00e9 au feu<\/td>\n<\/tr>\n<tr>\n<td>Usage recommand\u00e9<\/td>\n<td>\u00a0Pour la cuisine<\/td>\n<\/tr>\n<\/tbody>\n<\/table>\n<p>&nbsp;<\/p>\n<p><strong>Description du produit <\/strong><\/p>\n<p>Votre nouvel outil multifonctionnel de cuisine<\/p>\n<p>Entrez dans la cuisine avec un air de confiance renouvel\u00e9 dans vos capacit\u00e9s de cuisson. Arm\u00e9 de notre mortier et de notre pilon, vous pouvez maintenant:<\/p>\n<p>Broyez les graines, les noix et les racines des plantes en morceaux faciles \u00e0 dig\u00e9rer<\/p>\n<p>\u00c9craser les \u00e9pices ou les herbes fra\u00eeches en petites particules et lib\u00e9rer leurs huiles naturelles<\/p>\n<p>Perfectionnez vos recettes de vinaigrettes, trempettes, assaisonnements et condiments faits maison<\/p>\n<p>Combinez les ingr\u00e9dients pour faire du ketchup, de la moutarde ou de la sauce de poisson<\/p>\n<p>Pulv\u00e9risez les fruits pour un aliment \u00e0 texture lisse pour b\u00e9b\u00e9<\/p>\n<p>Poudre en poudre pour une meilleure absorption<\/p>\n<p>Acier Inoxydable Mortier et Pilon<\/p>\n","protected":false},"featured_media":1249,"comment_status":"open","ping_status":"closed","template":"","meta":[],"product_brand":[],"product_cat":[36],"product_tag":[44,41,46,45,43],"class_list":{"0":"post-1248","1":"product","2":"type-product","3":"status-publish","4":"has-post-thumbnail","6":"product_cat-non-classe","7":"product_tag-aluminium","8":"product_tag-aubistore-burkina","9":"product_tag-cuisine","10":"product_tag-cylindrique","11":"product_tag-mortier-avec-pilon","13":"first","14":"instock","15":"shipping-taxable","16":"purchasable","17":"product-type-simple"},"jetpack_sharing_enabled":true,"_links":{"self":[{"href":"https:\/\/aubistore.com\/bf\/wp-json\/wp\/v2\/product\/1248","targetHints":{"allow":["GET"]}}],"collection":[{"href":"https:\/\/aubistore.com\/bf\/wp-json\/wp\/v2\/product"}],"about":[{"href":"https:\/\/aubistore.com\/bf\/wp-json\/wp\/v2\/types\/product"}],"replies":[{"embeddable":true,"href":"https:\/\/aubistore.com\/bf\/wp-json\/wp\/v2\/comments?post=1248"}],"wp:featuredmedia":[{"embeddable":true,"href":"https:\/\/aubistore.com\/bf\/wp-json\/wp\/v2\/media\/1249"}],"wp:attachment":[{"href":"https:\/\/aubistore.com\/bf\/wp-json\/wp\/v2\/media?parent=1248"}],"wp:term":[{"taxonomy":"product_brand","embeddable":true,"href":"https:\/\/aubistore.com\/bf\/wp-json\/wp\/v2\/product_brand?post=1248"},{"taxonomy":"product_cat","embeddable":true,"href":"https:\/\/aubistore.com\/bf\/wp-json\/wp\/v2\/product_cat?post=1248"},{"taxonomy":"product_tag","embeddable":true,"href":"https:\/\/aubistore.com\/bf\/wp-json\/wp\/v2\/product_tag?post=1248"}],"curies":[{"name":"wp","href":"https:\/\/api.w.org\/{rel}","templated":true}]}}